{"id":510,"date":"2025-09-11T22:35:06","date_gmt":"2025-09-11T15:35:06","guid":{"rendered":"https:\/\/mtnvietnam.com\/?post_type=product&#038;p=510"},"modified":"2025-09-11T22:41:24","modified_gmt":"2025-09-11T15:41:24","slug":"ssv-progressive-divider-block","status":"publish","type":"product","link":"https:\/\/mtnvietnam.com\/?product=ssv-progressive-divider-block","title":{"rendered":"SSV progressive divider block"},"content":{"rendered":"<p><img loading=\"lazy\" decoding=\"async\" class=\"aligncenter wp-image-511 size-full\" src=\"https:\/\/mtnvietnam.com\/wp-content\/uploads\/2025\/09\/ssv.png\" alt=\"\" width=\"800\" height=\"1189\" srcset=\"https:\/\/mtnvietnam.com\/wp-content\/uploads\/2025\/09\/ssv.png 800w, https:\/\/mtnvietnam.com\/wp-content\/uploads\/2025\/09\/ssv-202x300.png 202w, https:\/\/mtnvietnam.com\/wp-content\/uploads\/2025\/09\/ssv-689x1024.png 689w, https:\/\/mtnvietnam.com\/wp-content\/uploads\/2025\/09\/ssv-768x1141.png 768w, https:\/\/mtnvietnam.com\/wp-content\/uploads\/2025\/09\/ssv-600x892.png 600w\" sizes=\"auto, (max-width: 800px) 100vw, 800px\" \/><\/p>\n","protected":false},"excerpt":{"rendered":"<ul>\n<li>S\u1ed1 \u0111\u1ea7u ra l\u00ean \u0111\u1ebfn 20 \u0111\u1ea7u ra.<\/li>\n<li>\u00c1p su\u1ea5t v\u1eadn h\u00e0nh cao.<\/li>\n<li>\u0110\u1ecbnh l\u01b0\u1ee3ng ch\u1ea5t b\u00f4i tr\u01a1n ch\u00ednh x\u00e1c.<\/li>\n<li>C\u00f4ng ngh\u1ec7 d\u1eabn ch\u00e9o n\u1ed9i b\u1ed9 \u0111\u1ed9c quy\u1ec1n.<\/li>\n<li>T\u00f9y ch\u1ecdn trang b\u1ecb ch\u1ed1t gi\u00e1m s\u00e1t tr\u1ef1c quan ho\u1eb7c c\u1ea3m bi\u1ebfn piston gi\u00e1m s\u00e1t \u0111i\u1ec7n t\u1eed.<\/li>\n<\/ul>\n","protected":false},"featured_media":512,"comment_status":"open","ping_status":"closed","template":"","meta":[],"product_brand":[],"product_cat":[21],"product_tag":[],"class_list":{"0":"post-510","1":"product","2":"type-product","3":"status-publish","4":"has-post-thumbnail","6":"product_cat-boi-tron","8":"first","9":"instock","10":"shipping-taxable","11":"product-type-simple"},"_links":{"self":[{"href":"https:\/\/mtnvietnam.com\/index.php?rest_route=\/wp\/v2\/product\/510","targetHints":{"allow":["GET"]}}],"collection":[{"href":"https:\/\/mtnvietnam.com\/index.php?rest_route=\/wp\/v2\/product"}],"about":[{"href":"https:\/\/mtnvietnam.com\/index.php?rest_route=\/wp\/v2\/types\/product"}],"replies":[{"embeddable":true,"href":"https:\/\/mtnvietnam.com\/index.php?rest_route=%2Fwp%2Fv2%2Fcomments&post=510"}],"wp:featuredmedia":[{"embeddable":true,"href":"https:\/\/mtnvietnam.com\/index.php?rest_route=\/wp\/v2\/media\/512"}],"wp:attachment":[{"href":"https:\/\/mtnvietnam.com\/index.php?rest_route=%2Fwp%2Fv2%2Fmedia&parent=510"}],"wp:term":[{"taxonomy":"product_brand","embeddable":true,"href":"https:\/\/mtnvietnam.com\/index.php?rest_route=%2Fwp%2Fv2%2Fproduct_brand&post=510"},{"taxonomy":"product_cat","embeddable":true,"href":"https:\/\/mtnvietnam.com\/index.php?rest_route=%2Fwp%2Fv2%2Fproduct_cat&post=510"},{"taxonomy":"product_tag","embeddable":true,"href":"https:\/\/mtnvietnam.com\/index.php?rest_route=%2Fwp%2Fv2%2Fproduct_tag&post=510"}],"curies":[{"name":"wp","href":"https:\/\/api.w.org\/{rel}","templated":true}]}}